{"id":4,"date":"2015-12-27T19:42:48","date_gmt":"2015-12-27T17:42:48","guid":{"rendered":"https:\/\/saschaberger.com\/?page_id=4"},"modified":"2026-01-23T23:41:45","modified_gmt":"2026-01-23T21:41:45","slug":"impressum","status":"publish","type":"page","link":"https:\/\/saschaberger.com\/en\/impressum\/","title":{"rendered":"Impressum"},"content":{"rendered":"\n<h2 class=\"wp-block-heading\">Kontakt:<\/h2>\n\n\n\n<p>Mehr Informationen zur Kontaktaufnahmen findet sich hier: <a href=\"https:\/\/saschaberger.com\/contact\/\">https:\/\/saschaberger.com\/contact\/<\/a><\/p>\n\n\n\n<h2 class=\"wp-block-heading\">Angaben gem\u00e4\u00df \u00a7 5 TMG:<\/h2>\n\n\n\n<p>Sascha Berger<br>Postfach 34 02 17, 45074 Essen <br>und B\u00dcNDNIS 90\/DIE GR\u00dcNEN Ratsfraktion Essen, Kopstadtplatz 13, 45127 Essen<br>Festnetz: +49 (0) 201 89067928<br>Mobil: +49 (0) 162 2538407<br><br>E-Mail: <a rel=\"noreferrer noopener\" href=\"mailto:sascha.berger@gruene-essen.de\" target=\"_blank\">sascha.berger@gruene-essen.de<\/a>  oder <a rel=\"noreferrer noopener\" href=\"mailto:mail@saschaberger.com\" target=\"_blank\">mail(at)saschaberger.com<\/a>&nbsp;<\/p>\n\n\n\n<h2 class=\"wp-block-heading\">Verantwortlich f\u00fcr den Inhalt nach \u00a7 55 Abs. 2 RStV:<\/h2>\n\n\n\n<p>Sascha Berger<br>Postfach 34 02 17, 45074 Essen<br>und B\u00dcNDNIS 90\/DIE GR\u00dcNEN Ratsfraktion Essen, Kopstadtplatz 13, 45127 Essen<br>Festnetz: +49 (0) 201 89067928<br>Mobil: +49 (0) 162 2538407<br><br>E-Mail: <a rel=\"noreferrer noopener\" href=\"mailto:sascha.berger@gruene-essen.de\" target=\"_blank\">sascha.berger@gruene-essen.de<\/a>  oder <a rel=\"noreferrer noopener\" href=\"mailto:mail@saschaberger.com\" target=\"_blank\">mail(at)saschaberger.com<\/a>&nbsp;<\/p>\n\n\n\n<h2 class=\"wp-block-heading\">Haftung f\u00fcr&nbsp;Inhalte<\/h2>\n\n\n\n<p>Als Diensteanbieter sind wir gem\u00e4\u00df \u00a7 7 Abs.1 TMG f\u00fcr eigene&nbsp;Inhalte auf diesen Seiten nach den allgemeinen Gesetzen verantwortlich. Nach \u00a7\u00a7 8 bis 10 TMG&nbsp;sind wir als Diensteanbieter jedoch nicht verpflichtet, \u00fcbermittelte oder gespeicherte fremde<br>\nInformationen zu \u00fcberwachen oder nach Umst\u00e4nden zu forschen, die auf eine rechtswidrige&nbsp;T\u00e4tigkeit hinweisen.<\/p>\n\n\n\n<p>Verpflichtungen zur Entfernung oder Sperrung der Nutzung von&nbsp;Informationen nach den allgemeinen Gesetzen bleiben hiervon unber\u00fchrt. Eine diesbez\u00fcgliche&nbsp;Haftung ist jedoch erst ab dem Zeitpunkt der Kenntnis einer konkreten Rechtsverletzung m\u00f6glich.<br>\nBei Bekanntwerden von entsprechenden Rechtsverletzungen werden wir diese Inhalte umgehend&nbsp;entfernen.<\/p>\n\n\n\n<h2 class=\"wp-block-heading\">Haftung f\u00fcr Links<\/h2>\n\n\n\n<p>Unser Angebot enth\u00e4lt Links zu externen&nbsp;Websites Dritter, auf deren Inhalte wir keinen Einfluss haben. Deshalb k\u00f6nnen wir f\u00fcr diese&nbsp;fremden Inhalte auch keine Gew\u00e4hr \u00fcbernehmen. F\u00fcr die Inhalte der verlinkten Seiten ist&nbsp;stets der jeweilige Anbieter oder Betreiber der Seiten verantwortlich. Die verlinkten Seiten wurden zum&nbsp;Zeitpunkt der Verlinkung auf m\u00f6gliche Rechtsverst\u00f6\u00dfe \u00fcberpr\u00fcft.&nbsp;Rechtswidrige Inhalte waren zum Zeitpunkt der Verlinkung nicht erkennbar.<\/p>\n\n\n\n<p>Eine permanente&nbsp;inhaltliche Kontrolle der verlinkten Seiten ist jedoch ohne konkrete Anhaltspunkte einer Rechtsverletzung&nbsp;nicht zumutbar. Bei Bekanntwerden von Rechtsverletzungen werden wir derartige Links umgehend&nbsp;entfernen.<\/p>\n\n\n\n<h2 class=\"wp-block-heading\">Urheberrecht<\/h2>\n\n\n\n<p>Die durch die Seitenbetreiber erstellten Inhalte und Werke auf&nbsp;diesen Seiten unterliegen dem deutschen Urheberrecht. Die Vervielf\u00e4ltigung, Bearbeitung,&nbsp;Verbreitung und jede Art der Verwertung au\u00dferhalb der Grenzen des Urheberrechtes bed\u00fcrfen&nbsp;der schriftlichen Zustimmung des jeweiligen Autors bzw. Erstellers. Downloads und Kopien dieser Seite&nbsp;sind nur f\u00fcr den privaten, nicht kommerziellen Gebrauch gestattet.<\/p>\n\n\n\n<p>Soweit die Inhalte auf&nbsp;dieser Seite nicht vom Betreiber erstellt wurden, werden die Urheberrechte Dritter beachtet. Insbesondere&nbsp;werden Inhalte Dritter als solche gekennzeichnet. Sollten Sie trotzdem auf eine Urheberrechtsverletzung&nbsp;aufmerksam werden, bitten wir um einen entsprechenden Hinweis. Bei Bekanntwerden von<br>\nRechtsverletzungen werden wir derartige Inhalte umgehend entfernen.<\/p>\n\n\n\n<p>Quelle: <a href=\"https:\/\/www.e-recht24.de\" target=\"_blank\" rel=\"noopener noreferrer\">e-recht24.de<\/a><\/p>\n\n\n\n<h2 class=\"wp-block-heading\">Fotografie: <\/h2>\n\n\n\n<ul class=\"wp-block-list\">\n<li><a href=\"https:\/\/www.annamuysers.de\/\">Fotografin Anna Muysers | Fotografie Kempen D\u00fcsseldorf<\/a><\/li>\n\n\n\n<li><a href=\"https:\/\/www.mirkoraatz.de\/\">Fotograf Mirko Raatz &#8211; NRW<\/a><\/li>\n<\/ul>\n","protected":false},"excerpt":{"rendered":"<p>Kontakt: Mehr Informationen zur Kontaktaufnahmen findet sich hier: <a href=\"https:\/\/saschaberger.com\/contact\/\">https:\/\/saschaberger.com\/contact\/<\/a> Angaben gem\u00e4\u00df \u00a7 5 TMG: Sascha BergerPostfach 34 02 17, 45074 Essen und B\u00dcNDNIS 90\/DIE GR\u00dcNEN Ratsfraktion Essen, Kopstadtplatz 13, 45127 EssenFestnetz: +49 (0) 201 89067928Mobil: +49 (0) 162 2538407 E-Mail:&#x2026; <\/p>\n<p class=\"more-link-container th-uppercase th-text-2xs\"><a href=\"https:\/\/saschaberger.com\/en\/impressum\/\" class=\"more-link\">Read More <span class=\"screen-reader-text\">Impressum<\/span><\/a><\/p>\n","protected":false},"author":1,"featured_media":0,"parent":0,"menu_order":0,"comment_status":"closed","ping_status":"closed","template":"","meta":{"advanced_seo_description":"","jetpack_seo_html_title":"","jetpack_seo_noindex":false,"footnotes":""},"class_list":["post-4","page","type-page","status-publish","hentry"],"translation":{"provider":"WPGlobus","version":"3.0.2","language":"en","enabled_languages":["de","en"],"languages":{"de":{"title":true,"content":true,"excerpt":false},"en":{"title":false,"content":false,"excerpt":false}}},"jetpack_sharing_enabled":true,"jetpack_shortlink":"https:\/\/wp.me\/P74lUj-4","jetpack_likes_enabled":true,"amp_enabled":true,"_links":{"self":[{"href":"https:\/\/saschaberger.com\/en\/wp-json\/wp\/v2\/pages\/4","targetHints":{"allow":["GET"]}}],"collection":[{"href":"https:\/\/saschaberger.com\/en\/wp-json\/wp\/v2\/pages"}],"about":[{"href":"https:\/\/saschaberger.com\/en\/wp-json\/wp\/v2\/types\/page"}],"author":[{"embeddable":true,"href":"https:\/\/saschaberger.com\/en\/wp-json\/wp\/v2\/users\/1"}],"replies":[{"embeddable":true,"href":"https:\/\/saschaberger.com\/en\/wp-json\/wp\/v2\/comments?post=4"}],"version-history":[{"count":45,"href":"https:\/\/saschaberger.com\/en\/wp-json\/wp\/v2\/pages\/4\/revisions"}],"predecessor-version":[{"id":4095,"href":"https:\/\/saschaberger.com\/en\/wp-json\/wp\/v2\/pages\/4\/revisions\/4095"}],"wp:attachment":[{"href":"https:\/\/saschaberger.com\/en\/wp-json\/wp\/v2\/media?parent=4"}],"curies":[{"name":"wp","href":"https:\/\/api.w.org\/{rel}","templated":true}]}}