{"id":2295,"date":"2020-06-07T20:53:19","date_gmt":"2020-06-07T18:53:19","guid":{"rendered":"https:\/\/saschaberger.com\/?page_id=2295"},"modified":"2026-01-25T17:50:21","modified_gmt":"2026-01-25T15:50:21","slug":"worauf-es-ankommt","status":"publish","type":"page","link":"https:\/\/saschaberger.com\/en\/worauf-es-ankommt\/","title":{"rendered":"Worauf es ankommt"},"content":{"rendered":"\n<p>Es kommt darauf an heute die Weichen f\u00fcr unsere Zukunft richtig zu stellen. Dabei ist es entscheidend global zu denken, lokal zu handeln und als Gemeinschaft zusammenzuhalten. <\/p>\n\n\n\n<p>Die Herausforderungen unserer Zeit verlangen nach neuen Ideen und entschlossenem Handeln. In einer Welt des st\u00e4ndigen Wandels liegt es an uns, die Zukunft aktiv zu gestalten.<br>Was wir heute entscheiden, bestimmt, wie wir morgen leben.<\/p>\n\n\n\n<p>Der Klimawandel, die fortschreitende Digitalisierung, die Corona-Pandemie, die Kriege in der Ukraine, im Nahen Osten und in anderen Teilen der Welt, zunehmende Handelskonflikte und die daraus resultierenden wirtschaftlichen Verwerfungen, soziale Ungleichheit, bedrohte Sicherheit und Frieden, gesellschaftliche sowie politische Spaltung und ein wachsender Vertrauensverlust in die Demokratie stellen enorme Herausforderungen auf globaler wie auch auf lokaler Ebene dar. Um ihnen wirksam zu begegnen, braucht es die richtigen \u2014 auch politischen \u2014 Weichenstellungen, die von der Gemeinschaft getragen und unterst\u00fctzt werden.<\/p>\n\n\n\n<p>Daher bringe ich mich in die Essener Kommunalpolitik als Mitglied des Rates der Stadt Essen f\u00fcr <em><a href=\"https:\/\/gruene-essen.de\/\" target=\"_blank\" rel=\"noreferrer noopener\">B\u00fcndnis 90\/Die Gr\u00fcnen<\/a><\/em> und in lokalen Initiativen ein. <\/p>\n\n\n\n<figure class=\"wp-block-image size-large is-resized\"><img data-recalc-dims=\"1\" loading=\"lazy\" decoding=\"async\" width=\"720\" height=\"480\" data-attachment-id=\"4081\" data-permalink=\"https:\/\/saschaberger.com\/en\/amf_grueneessen_sascha-48\/\" data-orig-file=\"https:\/\/i0.wp.com\/saschaberger.com\/wp-content\/uploads\/2026\/01\/AMF_GrueneEssen_Sascha-48.jpg?fit=4462%2C2975&amp;ssl=1\" data-orig-size=\"4462,2975\" data-comments-opened=\"0\" data-image-meta=\"{&quot;aperture&quot;:&quot;2.2&quot;,&quot;credit&quot;:&quot;&quot;,&quot;camera&quot;:&quot;Canon EOS 5D Mark III&quot;,&quot;caption&quot;:&quot;&quot;,&quot;created_timestamp&quot;:&quot;1766406345&quot;,&quot;copyright&quot;:&quot;&quot;,&quot;focal_length&quot;:&quot;35&quot;,&quot;iso&quot;:&quot;100&quot;,&quot;shutter_speed&quot;:&quot;0.004&quot;,&quot;title&quot;:&quot;&quot;,&quot;orientation&quot;:&quot;0&quot;}\" data-image-title=\"AMF_Gru\u0308neEssen_Sascha-48\" data-image-description=\"\" data-image-caption=\"\" data-large-file=\"https:\/\/i0.wp.com\/saschaberger.com\/wp-content\/uploads\/2026\/01\/AMF_GrueneEssen_Sascha-48.jpg?fit=720%2C480&amp;ssl=1\" src=\"https:\/\/i0.wp.com\/saschaberger.com\/wp-content\/uploads\/2026\/01\/AMF_GrueneEssen_Sascha-48.jpg?resize=720%2C480&#038;ssl=1\" alt=\"\" class=\"wp-image-4081\" style=\"aspect-ratio:1.4991204925241866;width:455px;height:auto\" srcset=\"https:\/\/i0.wp.com\/saschaberger.com\/wp-content\/uploads\/2026\/01\/AMF_GrueneEssen_Sascha-48.jpg?resize=800%2C533&amp;ssl=1 800w, https:\/\/i0.wp.com\/saschaberger.com\/wp-content\/uploads\/2026\/01\/AMF_GrueneEssen_Sascha-48.jpg?resize=400%2C267&amp;ssl=1 400w, https:\/\/i0.wp.com\/saschaberger.com\/wp-content\/uploads\/2026\/01\/AMF_GrueneEssen_Sascha-48.jpg?resize=768%2C512&amp;ssl=1 768w, https:\/\/i0.wp.com\/saschaberger.com\/wp-content\/uploads\/2026\/01\/AMF_GrueneEssen_Sascha-48.jpg?resize=1536%2C1024&amp;ssl=1 1536w, https:\/\/i0.wp.com\/saschaberger.com\/wp-content\/uploads\/2026\/01\/AMF_GrueneEssen_Sascha-48.jpg?resize=2048%2C1365&amp;ssl=1 2048w, https:\/\/i0.wp.com\/saschaberger.com\/wp-content\/uploads\/2026\/01\/AMF_GrueneEssen_Sascha-48.jpg?resize=1250%2C833&amp;ssl=1 1250w, https:\/\/i0.wp.com\/saschaberger.com\/wp-content\/uploads\/2026\/01\/AMF_GrueneEssen_Sascha-48.jpg?w=1440&amp;ssl=1 1440w, https:\/\/i0.wp.com\/saschaberger.com\/wp-content\/uploads\/2026\/01\/AMF_GrueneEssen_Sascha-48.jpg?w=2160&amp;ssl=1 2160w\" sizes=\"auto, (max-width: 720px) 100vw, 720px\" \/><\/figure>\n\n\n\n<p><strong>Aller vermeintlich akuteren Herausforderungen zum Trotz, darf der Klimawandel und seine Schadens-Folgen nicht vergessen werden. <\/strong><br>Die CO<sub>2<\/sub>-Uhr des <em>Mercator Research Institute on Global Commons and Climate Change (MCC)<\/em> mahnt daher zur Weichenstellung beim Klimaschutz, indem sie veranschaulicht, wieviel von Menschen verursachte CO<sub>2e<\/sub> bzw. Treibhausgase&nbsp;in die Atmosph\u00e4re abgegeben werden d\u00fcrfen, um die globale Erw\u00e4rmung auf m\u00f6glichst 1,5\u00b0C, zumindest jedoch deutlich unter 2\u00b0C zu begrenzen.<\/p>\n\n\n\n<iframe src=\"https:\/\/www.mcc-berlin.net\/fileadmin\/data\/clock\/carbon_clock.htm?i=3267263\" style=\"width:600px; height:340px;\"><\/iframe>\n\n\n\n<p><\/p>\n\n\n\n<p>Ein Schl\u00fcssel, um die globale Erw\u00e4rmung und die Treibhausgasemissionen einzud\u00e4mmen, ist die Energiewende. Das bedeutet, dass das bisherige Energiesystem, das haupts\u00e4chlich auf fossilen Energietr\u00e4gern wie Kohle, \u00d6l, Gas und auch Atomkraft beruht, abgel\u00f6st wird von einer neuen Energieversorgung auf Basis Erneuerbarer Energie (EE), wie beispielsweise Windkraft, Sonnenenergie, Wasserkraft, Biomasse oder  Erdw\u00e4rme.\u00a0<br>Gleichzeitig bieten die Erneuerbaren Energien \u2013 als von fossilen Brennstoffen unabh\u00e4ngige Quellen \u2013 die Chance, sich von der Abh\u00e4ngigkeit autorit\u00e4rer Regime zu l\u00f6sen, unsere Erpressbarkeit zu \u00fcberwinden und langfristig eine sichere sowie bezahlbare Energieversorgung f\u00fcr Wirtschaft und Industrie zu gew\u00e4hrleisten. Derzeit flie\u00dfen j\u00e4hrlich \u00fcber 70 Milliarden Euro ins Ausland f\u00fcr den Import fossiler Brennstoffe \u2013 Geld, das wir weit sinnvoller in den Ausbau unserer heimischen Energieversorgung investieren sollten.<\/p>\n\n\n\n<hr class=\"wp-block-separator has-css-opacity\"\/>\n","protected":false},"excerpt":{"rendered":"<p>Es kommt darauf an heute die Weichen f\u00fcr unsere Zukunft richtig zu stellen. Dabei ist es entscheidend global zu denken, lokal zu handeln und als Gemeinschaft zusammenzuhalten. Die Herausforderungen unserer Zeit verlangen nach neuen Ideen und entschlossenem Handeln. In einer&#x2026; <\/p>\n<p class=\"more-link-container th-uppercase th-text-2xs\"><a href=\"https:\/\/saschaberger.com\/en\/worauf-es-ankommt\/\" class=\"more-link\">Read More <span class=\"screen-reader-text\">Worauf es ankommt<\/span><\/a><\/p>\n","protected":false},"author":1,"featured_media":0,"parent":0,"menu_order":0,"comment_status":"closed","ping_status":"closed","template":"","meta":{"advanced_seo_description":"","jetpack_seo_html_title":"","jetpack_seo_noindex":false,"footnotes":""},"class_list":["post-2295","page","type-page","status-publish","hentry"],"translation":{"provider":"WPGlobus","version":"3.0.2","language":"en","enabled_languages":["de","en"],"languages":{"de":{"title":true,"content":true,"excerpt":false},"en":{"title":false,"content":false,"excerpt":false}}},"jetpack_sharing_enabled":true,"jetpack_shortlink":"https:\/\/wp.me\/P74lUj-B1","jetpack_likes_enabled":true,"amp_enabled":true,"_links":{"self":[{"href":"https:\/\/saschaberger.com\/en\/wp-json\/wp\/v2\/pages\/2295","targetHints":{"allow":["GET"]}}],"collection":[{"href":"https:\/\/saschaberger.com\/en\/wp-json\/wp\/v2\/pages"}],"about":[{"href":"https:\/\/saschaberger.com\/en\/wp-json\/wp\/v2\/types\/page"}],"author":[{"embeddable":true,"href":"https:\/\/saschaberger.com\/en\/wp-json\/wp\/v2\/users\/1"}],"replies":[{"embeddable":true,"href":"https:\/\/saschaberger.com\/en\/wp-json\/wp\/v2\/comments?post=2295"}],"version-history":[{"count":90,"href":"https:\/\/saschaberger.com\/en\/wp-json\/wp\/v2\/pages\/2295\/revisions"}],"predecessor-version":[{"id":4097,"href":"https:\/\/saschaberger.com\/en\/wp-json\/wp\/v2\/pages\/2295\/revisions\/4097"}],"wp:attachment":[{"href":"https:\/\/saschaberger.com\/en\/wp-json\/wp\/v2\/media?parent=2295"}],"curies":[{"name":"wp","href":"https:\/\/api.w.org\/{rel}","templated":true}]}}