{"id":223,"date":"2018-03-05T22:29:12","date_gmt":"2018-03-05T20:29:12","guid":{"rendered":"http:\/\/saschaberger.com\/?page_id=223"},"modified":"2019-03-03T15:40:05","modified_gmt":"2019-03-03T13:40:05","slug":"datenschutzerklaerung","status":"publish","type":"page","link":"https:\/\/saschaberger.com\/en\/datenschutzerklaerung\/","title":{"rendered":"Datenschutzerkl\u00e4rung"},"content":{"rendered":"\n<h2 class=\"wp-block-heading\">Cookies<\/h2>\n\n\n\n<p>Die Internetseiten verwenden teilweise so&nbsp;genannte Cookies. Cookies richten auf Ihrem Rechner keinen Schaden an und enthalten keine Viren.&nbsp;Cookies dienen dazu, unser Angebot nutzerfreundlicher, effektiver und sicherer zu machen. Cookies sind&nbsp;kleine Textdateien, die auf Ihrem Rechner abgelegt werden und die Ihr Browser speichert.<\/p>\n\n\n\n<p>Die&nbsp;meisten der von uns verwendeten Cookies sind so genannte \u201eSession-Cookies\u201c. Sie werden nach Ende&nbsp;Ihres Besuchs automatisch gel\u00f6scht. Andere Cookies bleiben auf Ihrem Endger\u00e4t gespeichert,&nbsp;bis Sie diese l\u00f6schen. Diese Cookies erm\u00f6glichen es uns, Ihren Browser beim n\u00e4chsten&nbsp;Besuch wiederzuerkennen.<\/p>\n\n\n\n<p>Sie k\u00f6nnen Ihren Browser so einstellen, dass Sie \u00fcber das&nbsp;Setzen von Cookies informiert werden und Cookies nur im Einzelfall erlauben, die Annahme von Cookies&nbsp;f\u00fcr bestimmte F\u00e4lle oder generell ausschlie\u00dfen sowie das automatische L\u00f6schen&nbsp;der Cookies beim Schlie\u00dfen des Browser aktivieren. Bei der Deaktivierung von Cookies kann die<br>\nFunktionalit\u00e4t dieser Website eingeschr\u00e4nkt sein.<\/p>\n\n\n\n<h2 class=\"wp-block-heading\">Server-Log-Files<\/h2>\n\n\n\n<p>Der Provider der Seiten erhebt und speichert automatisch Informationen in so genannten&nbsp;Server-Log Files, die Ihr Browser automatisch an uns \u00fcbermittelt. Dies sind:<\/p>\n\n\n\n<ul class=\"wp-block-list\"><li>Browsertyp und Browserversion<\/li><li>verwendetes Betriebssystem<\/li><li>Referrer URL<\/li><li>Hostname des zugreifenden Rechners<\/li><li>Uhrzeit der Serveranfrage<\/li><\/ul>\n\n\n\n<p>Diese Daten&nbsp;sind nicht bestimmten Personen zuordenbar. Eine Zusammenf\u00fchrung dieser Daten mit anderen&nbsp;Datenquellen wird nicht vorgenommen. Wir behalten uns vor, diese Daten nachtr\u00e4glich zu&nbsp;pr\u00fcfen, wenn uns konkrete Anhaltspunkte f\u00fcr eine rechtswidrige Nutzung bekannt&nbsp;werden.<\/p>\n\n\n\n<h2 class=\"wp-block-heading\">Kontaktformular<\/h2>\n\n\n\n<p>Wenn Sie uns per Kontaktformular Anfragen<br>\nzukommen lassen, werden Ihre Angaben aus dem Anfrageformular inklusive der von Ihnen dort<br>\nangegebenen Kontaktdaten zwecks Bearbeitung der Anfrage und f\u00fcr den Fall von Anschlussfragen<br>\nbei uns gespeichert. Diese Daten geben wir nicht ohne Ihre Einwilligung weiter.<\/p>\n\n\n\n<h2 class=\"wp-block-heading\">Newsletterdaten<\/h2>\n\n\n\n<p>Wenn Sie den auf der Website angebotenen Newsletter beziehen&nbsp;m\u00f6chten, ben\u00f6tigen wir von Ihnen eine E-Mail-Adresse sowie Informationen, welche uns die&nbsp;\u00dcberpr\u00fcfung gestatten, dass Sie der Inhaber der angegebenen E-Mail-Adresse sind und mit&nbsp;dem Empfang des Newsletters einverstanden sind. Weitere Daten werden nicht erhoben. Diese Daten&nbsp;verwenden wir ausschlie\u00dflich f\u00fcr den Versand der angeforderten Informationen und geben sie&nbsp;nicht an Dritte weiter.<\/p>\n\n\n\n<p>Die erteilte Einwilligung zur Speicherung der Daten, der E-Mail-Adresse&nbsp;sowie deren Nutzung zum Versand des Newsletters k\u00f6nnen Sie jederzeit widerrufen, etwa&nbsp;\u00fcber den &#8220;Austragen&#8221;-Link im Newsletter.<\/p>\n\n\n\n<h2 class=\"wp-block-heading\">Google Analytics<\/h2>\n\n\n\n<p>Diese&nbsp;Website nutzt Funktionen des Webanalysedienstes Google Analytics. Anbieter ist die Google Inc., 1600&nbsp;Amphitheatre Parkway Mountain View, CA 94043, USA.<\/p>\n\n\n\n<p>Google Analytics verwendet so genannte&nbsp;&#8220;Cookies&#8221;. Das sind Textdateien, die auf Ihrem Computer gespeichert werden und die eine&nbsp;Analyse der Benutzung der Website durch Sie erm\u00f6glichen. Die durch den Cookie erzeugten&nbsp;Informationen \u00fcber Ihre Benutzung dieser Website werden in der Regel an einen Server von Google&nbsp;in den USA \u00fcbertragen und dort gespeichert.<\/p>\n\n\n\n<p><strong>Browser Plugin<\/strong><\/p>\n\n\n\n<p>Sie&nbsp;k\u00f6nnen die Speicherung der Cookies durch eine entsprechende Einstellung Ihrer Browser-Software&nbsp;verhindern; wir weisen Sie jedoch darauf hin, dass Sie in diesem Fall gegebenenfalls nicht s\u00e4mtliche&nbsp;Funktionen dieser Website vollumf\u00e4nglich werden nutzen k\u00f6nnen. Sie k\u00f6nnen&nbsp;dar\u00fcber hinaus die Erfassung der durch den Cookie erzeugten und auf Ihre Nutzung der Website&nbsp;bezogenen Daten (inkl. Ihrer IP-Adresse) an Google sowie die Verarbeitung dieser Daten durch Google&nbsp;verhindern, indem Sie das unter dem folgenden Link verf\u00fcgbare Browser-Plugin herunterladen und&nbsp;installieren: <a href=\"https:\/\/tools.google.com\/dlpage\/gaoptout?hl=de\" target=\"_blank\" rel=\"noopener noreferrer\">https:\/\/tools.google.com\/dlpage\/gaoptout?hl=de<\/a><\/p>\n\n\n\n<p><strong>Widerspruch gegen&nbsp;Datenerfassung<\/strong><\/p>\n\n\n\n<p>Sie k\u00f6nnen die Erfassung Ihrer Daten durch Google Analytics&nbsp;verhindern, indem Sie auf folgenden Link klicken. Es wird ein Opt-Out-Cookie gesetzt, der die Erfassung&nbsp;Ihrer Daten bei zuk\u00fcnftigen Besuchen dieser Website verhindert: <a>Google Analytics deaktivieren<\/a><\/p>\n\n\n\n<p>Mehr Informationen zum&nbsp;Umgang mit Nutzerdaten bei Google Analytics finden Sie in der Datenschutzerkl\u00e4rung von Google:<br>\n<a href=\"https:\/\/support.google.com\/analytics\/answer\/6004245?hl=de\" target=\"_blank\" rel=\"noopener noreferrer\">https:\/\/support.google.com\/analytics\/answer\/6004245?hl=de<\/a><\/p>\n\n\n\n<p><strong>Auftragsdatenverarbeitung<\/strong><\/p>\n\n\n\n<p>Wir haben mit Google einen Vertrag zur Auftragsdatenverarbeitung abgeschlossen und setzen die&nbsp;strengen Vorgaben der deutschen Datenschutzbeh\u00f6rden bei der Nutzung von Google Analytics&nbsp;vollst\u00e4ndig um.<\/p>\n\n\n\n<p><strong>Demografische Merkmale bei Google Analytics<\/strong><\/p>\n\n\n\n<p>Diese Website nutzt die Funktion \u201cdemografische Merkmale\u201d von Google Analytics.<br>\nDadurch k\u00f6nnen Berichte erstellt werden, die Aussagen zu Alter, Geschlecht und Interessen der&nbsp;Seitenbesucher enthalten. Diese Daten stammen aus interessenbezogener Werbung von Google sowie&nbsp;aus Besucherdaten von Drittanbietern. Diese Daten k\u00f6nnen keiner bestimmten Person zugeordnet&nbsp;werden. Sie k\u00f6nnen diese Funktion jederzeit \u00fcber die Anzeigeneinstellungen in Ihrem Google-Konto deaktivieren oder die Erfassung Ihrer Daten durch Google Analytics wie im Punkt&nbsp;\u201cWiderspruch gegen Datenerfassung\u201d dargestellt generell untersagen.<\/p>\n\n\n\n<h2 class=\"wp-block-heading\">Facebook-Plugins (Like-Button)<\/h2>\n\n\n\n<p>Auf unseren Seiten sind Plugins des sozialen Netzwerks&nbsp;Facebook, Anbieter Facebook Inc., 1 Hacker Way, Menlo Park, California 94025, USA, integriert. Die&nbsp;Facebook-Plugins erkennen Sie an dem Facebook-Logo oder dem &#8220;Like-Button&#8221; (&#8220;Gef\u00e4llt mir&#8221;) auf&nbsp;unserer Seite. Eine \u00dcbersicht \u00fcber die Facebook-Plugins finden Sie hier: <a href=\"https:\/\/developers.facebook.com\/docs\/plugins\/\" target=\"_blank\" rel=\"noopener noreferrer\">https:\/\/developers.facebook.com\/docs\/plugins\/<\/a>.<\/p>\n\n\n\n<p>Wenn Sie unsere Seiten&nbsp;besuchen, wird \u00fcber das Plugin eine direkte Verbindung zwischen Ihrem Browser und dem&nbsp;Facebook-Server hergestellt. Facebook erh\u00e4lt dadurch die Information, dass Sie mit Ihrer IPAdresse&nbsp;unsere Seite besucht haben. Wenn Sie den Facebook &#8220;Like-Button&#8221; anklicken w\u00e4hrend Sie&nbsp;in Ihrem Facebook-Account eingeloggt sind, k\u00f6nnen Sie die Inhalte unserer Seiten auf Ihrem&nbsp;Facebook-Profil verlinken. Dadurch kann Facebook den Besuch unserer Seiten Ihrem Benutzerkonto&nbsp;zuordnen. Wir weisen darauf hin, dass wir als Anbieter der Seiten keine Kenntnis vom Inhalt der&nbsp;\u00fcbermittelten Daten sowie deren Nutzung durch Facebook erhalten. Weitere Informationen hierzu&nbsp;finden Sie in der Datenschutzerkl\u00e4rung von Facebook unter <a href=\"https:\/\/dede. facebook.com\/policy.php\" target=\"_blank\" rel=\"noopener noreferrer\">https:\/\/de-de.facebook.com\/policy.php<\/a>.<\/p>\n\n\n\n<p>Wenn&nbsp;Sie nicht w\u00fcnschen, dass Facebook den Besuch unserer Seiten Ihrem Facebook-Nutzerkonto&nbsp;zuordnen kann, loggen Sie sich bitte aus Ihrem Facebook-Benutzerkonto aus.<\/p>\n\n\n\n<h2 class=\"wp-block-heading\">Twitter<\/h2>\n\n\n\n<p>Auf unseren Seiten sind Funktionen des Dienstes Twitter eingebunden. Diese&nbsp;Funktionen werden angeboten durch die Twitter Inc., 1355 Market Street, Suite 900, San Francisco, CA&nbsp;94103, USA. Durch das Benutzen von Twitter und der Funktion &#8220;Re-Tweet&#8221; werden die von Ihnen&nbsp;besuchten Websites mit Ihrem Twitter-Account verkn\u00fcpft und anderen Nutzern bekannt gegeben.<br>\nDabei werden auch Daten an Twitter \u00fcbertragen. Wir weisen darauf hin, dass wir als Anbieter der&nbsp;Seiten keine Kenntnis vom Inhalt der \u00fcbermittelten Daten sowie deren Nutzung durch Twitter&nbsp;erhalten. Weitere Informationen hierzu finden Sie in der Datenschutzerkl\u00e4rung von Twitter unter <a href=\"https:\/\/twitter.com\/privacy\" target=\"_blank\" rel=\"noopener noreferrer\">https:\/\/twitter.com\/privacy<\/a>.<\/p>\n\n\n\n<p>Ihre&nbsp;Datenschutzeinstellungen bei Twitter k\u00f6nnen Sie in den Konto-Einstellungen unter: <a href=\"https:\/\/twitter.com\/account\/settings\" target=\"_blank\" rel=\"noopener noreferrer\">https:\/\/twitter.com\/account\/settings&nbsp;<\/a>\u00e4ndern.<\/p>\n\n\n\n<h2 class=\"wp-block-heading\">Google+<\/h2>\n\n\n\n<p>Unsere Seiten nutzen Funktionen von Google+.&nbsp;Anbieter ist die Google Inc., 1600 Amphitheatre Parkway Mountain View, CA 94043, USA.<\/p>\n\n\n\n<p>Erfassung und Weitergabe von Informationen: Mithilfe der Google+-Schaltfl\u00e4che k\u00f6nnen<br>\nSie Informationen weltweit ver\u00f6ffentlichen. \u00dcber die Google+-Schaltfl\u00e4che erhalten Sie<br>\nund andere Nutzer personalisierte Inhalte von Google und unseren Partnern. Google speichert sowohl die&nbsp;Information, dass Sie f\u00fcr einen Inhalt +1 gegeben haben, als auch Informationen \u00fcber die&nbsp;Seite, die Sie beim Klicken auf +1 angesehen haben. Ihre +1 k\u00f6nnen als Hinweise zusammen mit&nbsp;Ihrem Profilnamen und Ihrem Foto in Google-Diensten, wie etwa in Suchergebnissen oder in Ihrem&nbsp;Google-Profil, oder an anderen Stellen auf Websites und Anzeigen im Internet eingeblendet werden.<\/p>\n\n\n\n<p>Google zeichnet Informationen \u00fcber Ihre +1-Aktivit\u00e4ten auf, um die Google-Dienste<br>\nf\u00fcr Sie und andere zu verbessern. Um die Google+-Schaltfl\u00e4che verwenden zu k\u00f6nnen,<br>\nben\u00f6tigen Sie ein weltweit sichtbares, \u00f6ffentliches Google-Profil, das zumindest den f\u00fcr<br>\ndas Profil gew\u00e4hlten Namen enthalten muss. Dieser Name wird in allen Google-Diensten verwendet.&nbsp;In manchen F\u00e4llen kann dieser Name auch einen anderen Namen ersetzen, den Sie beim Teilen&nbsp;von Inhalten \u00fcber Ihr Google-Konto verwendet haben. Die Identit\u00e4t Ihres Google-Profils kann&nbsp;Nutzern angezeigt werden, die Ihre E-Mail-Adresse kennen oder \u00fcber andere identifizierende&nbsp;Informationen von Ihnen verf\u00fcgen.<\/p>\n\n\n\n<p>Verwendung der erfassten Informationen: Neben den&nbsp;oben erl\u00e4uterten Verwendungszwecken werden die von Ihnen bereitgestellten Informationen<br>\ngem\u00e4\u00df den geltenden Google-Datenschutzbestimmungen genutzt. Google ver\u00f6ffentlicht<br>\nm\u00f6glicherweise zusammengefasste Statistiken \u00fcber die +1-Aktivit\u00e4ten der Nutzer bzw.<br>\ngibt diese an Nutzer und Partner weiter, wie etwa Publisher, Inserenten oder verbundene&nbsp;Websites.<\/p>\n\n\n\n<h2 class=\"wp-block-heading\">Instagram<\/h2>\n\n\n\n<p>Auf unseren Seiten sind Funktionen des Dienstes&nbsp;Instagram eingebunden. Diese Funktionen werden angeboten durch die Instagram Inc., 1601 Willow&nbsp;Road, Menlo Park, CA, 94025, USA integriert. Wenn Sie in Ihrem Instagram-Account eingeloggt sind&nbsp;k\u00f6nnen Sie durch Anklicken des Instagram-Buttons die Inhalte unserer Seiten mit Ihrem Instagram-Profil verlinken. Dadurch kann Instagram den Besuch unserer Seiten Ihrem Benutzerkonto zuordnen. Wir&nbsp;weisen darauf hin, dass wir als Anbieter der Seiten keine Kenntnis vom Inhalt der u?bermittelten Daten&nbsp;sowie deren Nutzung durch Instagram erhalten.<\/p>\n\n\n\n<p>Weitere Informationen hierzu finden Sie in der&nbsp;Datenschutzerkl\u00e4rung von Instagram: <a href=\"https:\/\/instagram.com\/about\/legal\/privacy\/\" target=\"_blank\" rel=\"noopener noreferrer\">https:\/\/instagram.com\/about\/legal\/privacy\/<\/a><\/p>\n\n\n\n<h2 class=\"wp-block-heading\">LinkedIn<\/h2>\n\n\n\n<p>Unsere Website nutzt Funktionen des Netzwerks LinkedIn. Anbieter ist die LinkedIn Corporation, 2029&nbsp;Stierlin Court, Mountain View, CA 94043, USA. Bei jedem Abruf einer unserer Seiten, die Funktionen von&nbsp;LinkedIn enth\u00e4lt, wird eine Verbindung zu Servern von LinkedIn aufbaut. LinkedIn wird dar\u00fcber&nbsp;informiert, dass Sie unsere Internetseiten mit Ihrer IP-Adresse besucht haben. Wenn Sie den&nbsp;&#8220;Recommend-Button&#8221; von LinkedIn anklicken und in Ihrem Account bei LinkedIn eingeloggt sind, ist es&nbsp;LinkedIn m\u00f6glich, Ihren Besuch auf unserer Internetseite Ihnen und Ihrem Benutzerkonto&nbsp;zuzuordnen. Wir weisen darauf hin, dass wir als Anbieter der Seiten keine Kenntnis vom Inhalt der<br>\n\u00fcbermittelten Daten sowie deren Nutzung durch LinkedIn haben.<\/p>\n\n\n\n<p>Weitere Informationen&nbsp;hierzu finden Sie in der Datenschutzerkl\u00e4rung von LinkedIn unter: <a href=\"https:\/\/www.linkedin.com\/legal\/privacy-policy\" target=\"_blank\" rel=\"noopener noreferrer\">https:\/\/www.linkedin.com\/legal\/privacy-policy<\/a><\/p>\n\n\n\n<h2 class=\"wp-block-heading\">Pinterest<\/h2>\n\n\n\n<p>Auf unserer Seite verwenden wir Social Plugins des sozialen Netzwerkes Pinterest, das von der&nbsp;Pinterest Inc., 808 Brannan Street San Francisco, CA 94103-490, USA (&#8220;Pinterest&#8221;) betrieben wird. Wenn&nbsp;Sie eine Seite aufrufen, die ein solches Plugin enth\u00e4lt, stellt Ihr Browser eine direkte Verbindung zu&nbsp;den Servern von Pinterest her. Das Plugin \u00fcbermittelt dabei Protokolldaten an den Server von&nbsp;Pinterest in die USA. Diese Protokolldaten enthalten m\u00f6glicherweise Ihre IP-Adresse, die Adresse&nbsp;der besuchten Websites, die ebenfalls Pinterest-Funktionen enthalten, Art und Einstellungen des<br>\nBrowsers, Datum und Zeitpunkt der Anfrage, Ihre Verwendungsweise von Pinterest sowie Cookies.<\/p>\n\n\n\n<p>Weitere Informationen zu Zweck, Umfang und weiterer Verarbeitung und Nutzung der Daten durch&nbsp;Pinterest sowie Ihre diesbez\u00fcglichen Rechte und M\u00f6glichkeiten zum Schutz Ihrer&nbsp;Privatsph\u00e4re finden Sie in den den Datenschutzhinweisen von Pinterest: <a href=\"https:\/\/about.pinterest.com\/de\/privacy-policy\" target=\"_blank\" rel=\"noopener noreferrer\">https:\/\/about.pinterest.com\/de\/privacypolicy<!-- a--><\/a><\/p>\n\n\n\n<h2 class=\"wp-block-heading\">SoundCloud<\/h2>\n\n\n\n<p>Auf unseren Seiten k\u00f6nnen Plugins des&nbsp;sozialen Netzwerks SoundCloud (SoundCloud Limited, Berners House, 47-48 Berners Street, London&nbsp;W1T 3NF, Gro\u00dfbritannien.) integriert sein. Die SoundCloud-Plugins erkennen Sie an dem&nbsp;SoundCloud-Logo auf den betroffenen Seiten.<\/p>\n\n\n\n<p>Wenn Sie unsere Seiten besuchen, wird nach&nbsp;Aktivierung des Plugin eine direkte Verbindung zwischen Ihrem Browser und dem SoundCloud-Server&nbsp;hergestellt. SoundCloud erh\u00e4lt dadurch die Information, dass Sie mit Ihrer IP-Adresse unsere Seite<br>\nbesucht haben. Wenn Sie den &#8220;Like-Button&#8221; oder &#8220;Share-Button&#8221; anklicken<br>\nw\u00e4hrend Sie in Ihrem SoundCloud- Benutzerkonto eingeloggt sind, k\u00f6nnen Sie die Inhalte&nbsp;unserer Seiten mit Ihrem SoundCloud-Profil verlinken und\/oder teilen. Dadurch kann SoundCloud Ihrem&nbsp;Benutzerkonto den Besuch unserer Seiten zuordnen. Wir weisen darauf hin, dass wir als Anbieter der&nbsp;Seiten keine Kenntnis vom Inhalt der \u00fcbermittelten Daten sowie deren Nutzung durch SoundCloud&nbsp;erhalten. Weitere Informationen hierzu finden Sie in der Datenschutzerkl\u00e4rung von SoundCloud<br>\nunter: <a href=\"https:\/\/soundcloud.com\/pages\/privacy\" target=\"_blank\" rel=\"noopener noreferrer\">https:\/\/soundcloud.com\/pages\/privacy<\/a><\/p>\n\n\n\n<p>Wenn Sie nicht w\u00fcnschen, dass&nbsp;Soundcloud den Besuch unserer Seiten Ihrem SoundCloud- Benutzerkonto zuordnet, loggen Sie sich bitte&nbsp;aus Ihrem SoundCloud-Benutzerkonto aus bevor Sie Inhalte des SoundCloud-Plugins<br>\naktivieren.<\/p>\n\n\n\n<h2 class=\"wp-block-heading\">Spotify<\/h2>\n\n\n\n<p>Auf unseren Seiten sind Funktionen des Musik-Dienstes Spotify eingebunden. Anbieter ist die Spotify AB, Birger Jarlsgatan 61, 113 56 Stockholm in&nbsp;Schweden. Die Spotify PlugIns erkennen Sie an dem gr\u00fcnen Logo auf unserer Seite. Eine&nbsp;\u00dcbersicht \u00fcber die Spotify-PlugIns finden Sie unter <a href=\"https:\/\/developer.spotify.com\" target=\"_blank\" rel=\"noopener noreferrer\">https:\/\/developer.spotify.com<\/a><\/p>\n\n\n\n<p>Dadurch kann beim Besuch unserer Seiten&nbsp;\u00fcber das Plugin eine direkte Verbindung zwischen Ihrem Browser und dem Spotify-Server&nbsp;hergestellt werden. Spotify erh\u00e4lt dadurch die Information, dass Sie mit Ihrer IP-Adresse unsere&nbsp;Seite besucht haben. Wenn Sie den Spotify Button anklicken w\u00e4hrend Sie in Ihrem Spotify-Account<br>\neingeloggt sind, k\u00f6nnen Sie die Inhalte unserer Seiten auf Ihrem Spotify Profil verlinken. Dadurch&nbsp;kann Spotify den Besuch unserer Seiten Ihrem Benutzerkonto zuordnen.<\/p>\n\n\n\n<p>Weitere Informationen&nbsp;hierzu finden Sie in der Datenschutzerkl\u00e4rung von Spotify: <a href=\"https:\/\/www.spotify.com\/de\/legal\/privacy-policy\/\" target=\"_blank\" rel=\"noopener noreferrer\">https:\/\/www.spotify.com\/de\/legal\/privacy-policy\/<\/a><\/p>\n\n\n\n<p>Wenn Sie nicht&nbsp;w\u00fcnschen, dass Spotify den Besuch unserer Seiten Ihrem Spotify-Nutzerkonto zuordnen kann,&nbsp;loggen Sie sich bitte aus Ihrem Spotify-Benutzerkonto aus.<\/p>\n\n\n\n<h2 class=\"wp-block-heading\">XING<\/h2>\n\n\n\n<p>Unsere Website nutzt Funktionen des Netzwerks XING. Anbieter ist die XING AG,<br>\nDammtorstra\u00dfe 29-32, 20354 Hamburg, Deutschland. Bei jedem Abruf einer unserer Seiten, die&nbsp;Funktionen von XING enth\u00e4lt, wird eine Verbindung zu Servern von XING hergestellt. Eine&nbsp;Speicherung von personenbezogenen Daten erfolgt dabei nach unserer Kenntnis nicht. Insbesondere&nbsp;werden keine IP-Adressen gespeichert oder das Nutzungsverhalten ausgewertet.<\/p>\n\n\n\n<p>Weitere&nbsp;Information zum Datenschutz und dem XING Share-Button finden Sie in der Datenschutzerkl\u00e4rung&nbsp;von XING unter: <a href=\"https:\/\/www.xing.com\/app\/share?op=data_protection\" target=\"_blank\" rel=\"noopener noreferrer\">https:\/\/www.xing.com\/app\/share?op=data_protection<\/a><\/p>\n\n\n\n<h2 class=\"wp-block-heading\">Tumblr<\/h2>\n\n\n\n<p>Unsere Seiten nutzen Schaltfl\u00e4chen des Dienstes Tumblr. Anbieter ist die<br>\nTumblr, Inc., 35 East 21st St, 10th Floor, New York, NY 10010, USA. Diese Schaltfl\u00e4chen<br>\nerm\u00f6glichen es Ihnen, einen Beitrag oder eine Seite bei Tumblr zu teilen oder dem Anbieter bei&nbsp;Tumblr zu folgen. Wenn Sie eine unserer Websites mit Tumblr-Button aufrufen, baut der Browser eine&nbsp;direkte Verbindung mit den Servern von Tumblr auf. Wir haben keinen Einfluss auf den Umfang der&nbsp;Daten, die Tumblr mit Hilfe dieses Plugins erhebt und \u00fcbermittelt. Nach aktuellem Stand werden die&nbsp;IP-Adresse des Nutzers sowie die URL der jeweiligen Website \u00fcbermittelt.<\/p>\n\n\n\n<p>Weitere&nbsp;Informationen hierzu finden sich in der Datenschutzerkl\u00e4rung von Tumblr unter: <a href=\"https:\/\/www.tumblr.com\/policy\/de\/privacy\" target=\"_blank\" rel=\"noopener noreferrer\">https:\/\/www.tumblr.com\/policy\/de\/privacy<\/a>.<\/p>\n\n\n\n<h2 class=\"wp-block-heading\">YouTube<\/h2>\n\n\n\n<p>Unsere Website nutzt Plugins der von Google betriebenen Seite YouTube. Betreiber der Seiten ist die&nbsp;YouTube, LLC, 901 Cherry Ave., San Bruno, CA 94066, USA. Wenn Sie eine unserer mit einem YouTube-Plugin ausgestatteten Seiten besuchen, wird eine Verbindung zu den Servern von YouTube hergestellt.&nbsp;Dabei wird dem Youtube-Server mitgeteilt, welche unserer Seiten Sie besucht haben.<\/p>\n\n\n\n<p>Wenn Sie&nbsp;in Ihrem YouTube-Account eingeloggt sind erm\u00f6glichen Sie YouTube, Ihr Surfverhalten direkt Ihrem&nbsp;pers\u00f6nlichen Profil zuzuordnen. Dies k\u00f6nnen Sie verhindern, indem Sie sich aus Ihrem&nbsp;YouTube-Account ausloggen.<\/p>\n\n\n\n<p>Weitere Informationen zum Umgang von Nutzerdaten finden Sie in&nbsp;der Datenschutzerkl\u00e4rung von YouTube unter: <a href=\"https:\/\/www.google.de\/intl\/de\/policies\/privacy\" target=\"_blank\" rel=\"noopener noreferrer\">https:\/\/www.google.de\/intl\/de\/policies\/privacy<\/a><\/p>\n\n\n\n<h2 class=\"wp-block-heading\">Kommentarfunktion auf dieser Website<\/h2>\n\n\n\n<p>F\u00fcr die Kommentarfunktion auf dieser Seite&nbsp;werden neben Ihrem Kommentar auch Angaben zum Zeitpunkt der Erstellung des Kommentars, Ihre EMail-Adresse und, wenn Sie nicht anonym posten, der von Ihnen gew\u00e4hlte Nutzername&nbsp;gespeichert.<\/p>\n\n\n\n<p><strong>Speicherung der IP Adresse<\/strong><\/p>\n\n\n\n<p>Unsere Kommentarfunktion&nbsp;speichert die IP-Adressen der Nutzer, die Kommentare verfassen. Da wir Kommentare auf unserer Seite&nbsp;nicht vor der Freischaltung pr\u00fcfen, ben\u00f6tigen wir diese Daten, um im Falle von&nbsp;Rechtsverletzungen wie Beleidigungen oder Propaganda gegen den Verfasser vorgehen zu&nbsp;k\u00f6nnen.<\/p>\n\n\n\n<p><strong>Abonnieren von Kommentaren<\/strong><\/p>\n\n\n\n<p>Als Nutzer der Seite&nbsp;k\u00f6nnen Sie nach einer Anmeldung Kommentare abonnieren. Sie erhalten eine&nbsp;Best\u00e4tigungsemail, um zu pr\u00fcfen, ob Sie der Inhaber der angegebenen E-Mail-Adresse sind.&nbsp;Sie k\u00f6nnen diese Funktion jederzeit \u00fcber einen Link in den Info-Mails abbestellen.<\/p>\n\n\n\n<h2 class=\"wp-block-heading\">SSL-Verschl\u00fcsselung<\/h2>\n\n\n\n<p>Diese Seite nutzt aus Gr\u00fcnden der&nbsp;Sicherheit und zum Schutz der \u00dcbertragung vertraulicher Inhalte, wie zum Beispiel der Anfragen, die&nbsp;Sie an uns als Seitenbetreiber senden, eine SSL-Verschl\u00fcsselung. Eine verschl\u00fcsselte&nbsp;Verbindung erkennen Sie daran, dass die Adresszeile des Browsers von &#8220;<a href=\"http:\/\/&#038;#8221\" rel=\"nofollow\">http:\/\/&#038;#8221<\/a>; auf&nbsp;&#8220;<a href=\"https:\/\/&#038;#8221\" rel=\"nofollow\">https:\/\/&#038;#8221<\/a>; wechselt und an dem Schloss-Symbol in Ihrer Browserzeile.<\/p>\n\n\n\n<p>Wenn die SSL&nbsp;Verschl\u00fcsselung aktiviert ist, k\u00f6nnen die Daten, die Sie an uns \u00fcbermitteln, nicht von&nbsp;Dritten mitgelesen werden.<\/p>\n\n\n\n<h2 class=\"wp-block-heading\">Recht auf Auskunft, L\u00f6schung, Sperrung<\/h2>\n\n\n\n<p>Sie haben jederzeit das Recht auf unentgeltliche Auskunft \u00fcber Ihre gespeicherten<br>\npersonenbezogenen Daten, deren Herkunft und Empf\u00e4nger und den Zweck der Datenverarbeitung&nbsp;sowie ein Recht auf Berichtigung, Sperrung oder L\u00f6schung dieser Daten. Hierzu sowie zu weiteren&nbsp;Fragen zum Thema personenbezogene Daten k\u00f6nnen Sie sich jederzeit unter der im Impressum&nbsp;angegebenen Adresse an uns wenden.<\/p>\n\n\n\n<h2 class=\"wp-block-heading\">Widerspruch Werbe-Mails<\/h2>\n\n\n\n<p>Der&nbsp;Nutzung von im Rahmen der Impressumspflicht ver\u00f6ffentlichten Kontaktdaten zur<br>\n\u00dcbersendung von nicht ausdr\u00fccklich angeforderter Werbung und Informationsmaterialien wird&nbsp;hiermit widersprochen. Die Betreiber der Seiten behalten sich ausdr\u00fccklich rechtliche Schritte im&nbsp;Falle der unverlangten Zusendung von Werbeinformationen, etwa durch Spam-E-Mails,&nbsp;vor.<\/p>\n\n\n\n<p>Quelle: <a href=\"https:\/\/www.e-recht24.de\/musterdatenschutzerklaerung. html\" target=\"_blank\" rel=\"noopener noreferrer\">https:\/\/www.e-recht24.de\/muster-datenschutzerklaerung.html<\/a><\/p>\n","protected":false},"excerpt":{"rendered":"<p>Cookies Die Internetseiten verwenden teilweise so&nbsp;genannte Cookies. Cookies richten auf Ihrem Rechner keinen Schaden an und enthalten keine Viren.&nbsp;Cookies dienen dazu, unser Angebot nutzerfreundlicher, effektiver und sicherer zu machen. Cookies sind&nbsp;kleine Textdateien, die auf Ihrem Rechner abgelegt werden und die&#x2026; <\/p>\n<p class=\"more-link-container th-uppercase th-text-2xs\"><a href=\"https:\/\/saschaberger.com\/en\/datenschutzerklaerung\/\" class=\"more-link\">Read More <span class=\"screen-reader-text\">Datenschutzerkl\u00e4rung<\/span><\/a><\/p>\n","protected":false},"author":1,"featured_media":0,"parent":0,"menu_order":0,"comment_status":"closed","ping_status":"closed","template":"","meta":{"advanced_seo_description":"","jetpack_seo_html_title":"","jetpack_seo_noindex":false,"footnotes":""},"class_list":["post-223","page","type-page","status-publish","hentry"],"translation":{"provider":"WPGlobus","version":"3.0.2","language":"en","enabled_languages":["de","en"],"languages":{"de":{"title":true,"content":true,"excerpt":false},"en":{"title":false,"content":false,"excerpt":false}}},"jetpack_sharing_enabled":true,"jetpack_shortlink":"https:\/\/wp.me\/P74lUj-3B","jetpack_likes_enabled":true,"amp_enabled":true,"_links":{"self":[{"href":"https:\/\/saschaberger.com\/en\/wp-json\/wp\/v2\/pages\/223","targetHints":{"allow":["GET"]}}],"collection":[{"href":"https:\/\/saschaberger.com\/en\/wp-json\/wp\/v2\/pages"}],"about":[{"href":"https:\/\/saschaberger.com\/en\/wp-json\/wp\/v2\/types\/page"}],"author":[{"embeddable":true,"href":"https:\/\/saschaberger.com\/en\/wp-json\/wp\/v2\/users\/1"}],"replies":[{"embeddable":true,"href":"https:\/\/saschaberger.com\/en\/wp-json\/wp\/v2\/comments?post=223"}],"version-history":[{"count":5,"href":"https:\/\/saschaberger.com\/en\/wp-json\/wp\/v2\/pages\/223\/revisions"}],"predecessor-version":[{"id":1413,"href":"https:\/\/saschaberger.com\/en\/wp-json\/wp\/v2\/pages\/223\/revisions\/1413"}],"wp:attachment":[{"href":"https:\/\/saschaberger.com\/en\/wp-json\/wp\/v2\/media?parent=223"}],"curies":[{"name":"wp","href":"https:\/\/api.w.org\/{rel}","templated":true}]}}