{"id":1006,"date":"2018-12-20T10:11:12","date_gmt":"2018-12-20T08:11:12","guid":{"rendered":"https:\/\/saschaberger.com\/?page_id=1006"},"modified":"2024-05-11T23:56:12","modified_gmt":"2024-05-11T21:56:12","slug":"projects","status":"publish","type":"page","link":"https:\/\/saschaberger.com\/en\/projects\/","title":{"rendered":"B\u00fccher und Projekte"},"content":{"rendered":"\n<p>Das Leben ist voller beruflicher oder privater Projekte, die unterschiedlich herausfordernd, unterschiedlich komplex oder unterschiedlich bedeutungsvoll sind. Zwei meiner Projekte, die f\u00fcr mich eine besondere Bedeutung hatten, sind die im folgenden vorgestellten beiden B\u00fccher. Denn ein Buch zu schreiben, war ein lang gehegter Traum, ein Lernprozess, eine riesige Herausforderung sowie ein pers\u00f6nliches Anliegen,. <\/p>\n\n\n\n<p>Doch es geht im Leben nicht immer darum etwas zu produzieren oder Projekte umzusetzen, sondern es geht auch darum mal einfach nur im Hier sowie Jetzt zu <strong>sein <\/strong>und zu genie\u00dfen.<br>Doch gerade, wenn man an einem Projekt Spa\u00df hat und noch etwas vermeintlich n\u00fctzliches, sinnvolles und vielleicht auch nachhaltiges damit tut, dann ist es eine gute Sache. Selbst dann, wenn man zur Erreichung der Projektziele mal an die Grenzen der eigenen oder die Kr\u00e4fte der anderen gehen muss.<\/p>\n\n\n\n<p>Hier sind also meine beiden bisherigen Buchprojekte:<\/p>\n\n\n\n<hr class=\"wp-block-separator has-css-opacity\"\/>\n\n\n\n<p><strong>Buch #1:<\/strong><\/p>\n\n\n\n<h4 class=\"wp-block-heading\"><a href=\"https:\/\/saschaberger.com\/book-2\/\"><strong>\u201eDigitalotopia&nbsp;\u2013 Sind wir bereit f\u00fcr die (R)Evolution der Wirklichkeit?\u201c<\/strong><\/a><\/h4>\n\n\n\n<div class=\"wp-block-media-text alignwide\" style=\"grid-template-columns:30% auto\"><figure class=\"wp-block-media-text__media\"><img data-recalc-dims=\"1\" loading=\"lazy\" decoding=\"async\" width=\"217\" height=\"288\" data-attachment-id=\"1550\" data-permalink=\"https:\/\/saschaberger.com\/en\/book-2\/digitalotopia-cover-kleinerer\/\" data-orig-file=\"https:\/\/i0.wp.com\/saschaberger.com\/wp-content\/uploads\/2019\/03\/Digitalotopia-Cover-kleinerer.jpg?fit=217%2C288&amp;ssl=1\" data-orig-size=\"217,288\" data-comments-opened=\"1\" data-image-meta=\"{&quot;aperture&quot;:&quot;0&quot;,&quot;credit&quot;:&quot;&quot;,&quot;camera&quot;:&quot;&quot;,&quot;caption&quot;:&quot;&quot;,&quot;created_timestamp&quot;:&quot;-11644470000&quot;,&quot;copyright&quot;:&quot;&quot;,&quot;focal_length&quot;:&quot;0&quot;,&quot;iso&quot;:&quot;0&quot;,&quot;shutter_speed&quot;:&quot;0&quot;,&quot;title&quot;:&quot;&quot;,&quot;orientation&quot;:&quot;1&quot;}\" data-image-title=\"Digitalotopia-Cover-kleinerer\" data-image-description=\"\" data-image-caption=\"\" data-large-file=\"https:\/\/i0.wp.com\/saschaberger.com\/wp-content\/uploads\/2019\/03\/Digitalotopia-Cover-kleinerer.jpg?fit=217%2C288&amp;ssl=1\" src=\"https:\/\/i0.wp.com\/saschaberger.com\/wp-content\/uploads\/2019\/03\/Digitalotopia-Cover-kleinerer.jpg?resize=217%2C288&#038;ssl=1\" alt=\"\" class=\"wp-image-1550 size-full\"\/><\/figure><div class=\"wp-block-media-text__content\">\n<p>Sascha Berger<br>Digitalotopia&nbsp;\u2013 Sind wir bereit f\u00fcr die (R)Evolution der Wirklichkeit?<br>ISBN 978-3-7528-9511-7<br>\u20ac 19,99 | ca. 432 Seiten<br>Paperback, eBook<br>Erscheinungstermin M\u00e4rz 2019 <\/p>\n<\/div><\/div>\n\n\n\n<p><br><\/p>\n\n\n\n<p><a href=\"https:\/\/saschaberger.com\/book-2\/\"><strong>&gt;&gt;&gt;hier mehr \u00fcber Digitalotopia erfahren<\/strong><\/a><\/p>\n\n\n\n<a href=\"https:\/\/www.amazon.de\/gp\/product\/375289511X\/ref=as_li_tl?ie=UTF8&#038;tag=sashb-21&#038;camp=1638&#038;creative=6742&#038;linkCode=as2&#038;creativeASIN=375289511X&#038;linkId=76069c69aed8498257097719f62dab5b\" class=\"button\" target=\"_blank\" rel=\"noopener noreferrer\">ZUM AMAZON SHOP GEHEN<\/a>\n\n\n\n<p><\/p>\n\n\n\n<div id=\"bodShopWidget_02488802_print\" class=\"bodShopWidget\"><\/div><script type=\"text\/javascript\">if(typeof checkLibExist == \"undefined\"){var script = document.createElement(\"script\");script.src =\"\/\/www.bod.de\/public\/js\/bod\/shopWidget.min.js?123\";script.type = \"text\/javascript\";document.head.appendChild(script);var checkLibExist = true;} if(typeof books === \"undefined\") var books=[];books.push({\"objID\":\"02488802\",\"swKey\":\"beb5492ef97a6662eb7a7b0272ad793f\",\"type\":\"print\",\"size\":\"button\",\"font\":\"nonSerif\",\"shadow\":true,\"contour\":true,\"coverContour\":true,\"fontColor\":\"#000000\",\"contourColor\":\"#000000\",\"shadowBtn\":true,\"contourBtn\":false,\"bgColor\":\"#ffffff\",\"btnFontColor\":\"#ffffff\",\"btnColor\":\"#e84e0f\",\"btnContourColor\":\"#e84e0f\",\"shop\":\"\",\"bookSampleLinkText\":\"Jetzt probelesen\",\"descriptionTitle\":\"Beschreibung\",\"mandantShopUrl\":\"https:\/\/www.bod.de\/buchshop\",\"btnText\":\"ZUM BoD BUCHSHOP\",\"errMsg1Obj\":\"Dieser Titel ist leider<br>nicht l\u00e4nger verf\u00fcgbar.\",\"errMsg2Obj\":\"Aber im BoD-Buchshop gibt es viele weitere spannende Titel zu entdecken!\",\"errMsg1Server\":\"Dieser Titel ist derzeit<br>leider nicht verf\u00fcgbar.\",\"errMsg2Server\":\"Bitte versuchen Sie es<br>sp\u00e4ter noch einmal.\",\"errMsg3Server\":\"TITEL DERZEIT NICHT VERF\u00dcGBAR\"});<\/script>\n\n\n\n<p><\/p>\n\n\n\n<p><strong><em>\u201eDigitalotopia\u201c<\/em><\/strong> ist ein Ort in der Zukunft, der so gut sein kann und wird, wie wir ihn gestalten. <em>Digitalotopia <\/em>ist auch eine kritische Auseinandersetzung mit der Digitalisierung und ein Entwurf einer nachhaltigen und humanen digitalen Utopie.\u00a0 Richtig eingesetzt, k\u00f6nnen uns digitale Technologien in hohem Ma\u00dfe helfen, die \u00f6konomischen, \u00f6kologischen, politischen und gesellschaftlichen Herausforderungen des 21. Jahrhunderts zu meistern und unsere Erfahrung der Wirklichkeit auf eine neue Stufe zu heben. Falsch eingesetzt ist die Digitalisierung eine Bedrohung f\u00fcr unsere Demokratien, das Zusammenleben, den Frieden, die Menschenw\u00fcrde und die Gerechtigkeit. Das Buch wirft einen Blick in die Zukunft und stellt dazu neue Thesen, Konzepte und Strategien vor.<\/p>\n\n\n\n<p>Auf eing\u00e4ngige und verst\u00e4ndliche Weise werden Fragen zum aktuellen Wandel behandelt: Was genau verbirgt sich hinter dem allgemeinen Schlagwort Digitalisierung? Wie treiben Big Data, k\u00fcnstliche Intelligenz, Robotik, das Internet der Dinge, Kryptow\u00e4hrungen oder Blockchain den industriellen und gesellschaftlichen Wandel, die sogenannte Digitale Transformation, an? Welche Risiken und Chancen liegen darin? Was bedeutet der Wandel f\u00fcr jeden Einzelnen von uns im Privatleben und in der Arbeitswelt sowie f\u00fcr das Zusammenleben aller Menschen auf nationaler und auch globaler Ebene? Worauf kommt es dabei wirklich an und was zeichnet Menschsein in der Zukunft aus? Das Buch ist der Versuch einer einer Aufkl\u00e4rung 2.0 und liefert den Ansatz f\u00fcr eine Bildung 4.0, die neben einer Digitalkunde auch eine Bewusstseinskunde beinhaltet, den Schl\u00fcsselfaktor, um den Wandel sinnvoll, nachhaltig und human zu gestalten.<\/p>\n\n\n\n<p>Ein Buch f\u00fcr alle Leser, die verstehen und sich eine Meinung bilden m\u00f6chten, die mitreden und die Zukunft mitgestalten wollen.<\/p>\n\n\n\n<p>Sind wir bereit f\u00fcr die (R)Evolution der Wirklichkeit?<\/p>\n\n\n\n<p><em><a href=\"https:\/\/saschaberger.com\/book-2\/\"><strong>&gt;&gt;&gt;hier mehr erfahren<\/strong><\/a><\/em><\/p>\n\n\n\n<hr class=\"wp-block-separator has-css-opacity\"\/>\n\n\n\n<p><strong>Buch #2:<\/strong><\/p>\n\n\n\n<h4 class=\"wp-block-heading\"><strong><a href=\"https:\/\/saschaberger.com\/2018\/12\/20\/die-open-revolution\/\">Open Revolution<\/a> (<a href=\"https:\/\/saschaberger.com\/2018\/12\/20\/die-open-revolution\/\">engl. Orginaltitel &#8220;The Open Revolution&#8221;)<\/a><\/strong><\/h4>\n\n\n\n<div class=\"wp-block-media-text alignwide\" style=\"grid-template-columns:33% auto\"><figure class=\"wp-block-media-text__media\"><img data-recalc-dims=\"1\" loading=\"lazy\" decoding=\"async\" width=\"651\" height=\"1024\" data-attachment-id=\"1776\" data-permalink=\"https:\/\/saschaberger.com\/en\/projects\/openrevolution-de-cover-fin\/\" data-orig-file=\"https:\/\/i0.wp.com\/saschaberger.com\/wp-content\/uploads\/2019\/11\/OpenRevolution-DE-Cover-fin.jpg?fit=1062%2C1671&amp;ssl=1\" data-orig-size=\"1062,1671\" data-comments-opened=\"1\" data-image-meta=\"{&quot;aperture&quot;:&quot;0&quot;,&quot;credit&quot;:&quot;Sascha Berger&quot;,&quot;camera&quot;:&quot;&quot;,&quot;caption&quot;:&quot;&quot;,&quot;created_timestamp&quot;:&quot;1572868094&quot;,&quot;copyright&quot;:&quot;&quot;,&quot;focal_length&quot;:&quot;0&quot;,&quot;iso&quot;:&quot;0&quot;,&quot;shutter_speed&quot;:&quot;0&quot;,&quot;title&quot;:&quot;&quot;,&quot;orientation&quot;:&quot;0&quot;}\" data-image-title=\"OpenRevolution-DE-Cover-fin\" data-image-description=\"\" data-image-caption=\"\" data-large-file=\"https:\/\/i0.wp.com\/saschaberger.com\/wp-content\/uploads\/2019\/11\/OpenRevolution-DE-Cover-fin.jpg?fit=651%2C1024&amp;ssl=1\" src=\"https:\/\/i0.wp.com\/saschaberger.com\/wp-content\/uploads\/2019\/11\/OpenRevolution-DE-Cover-fin.jpg?resize=651%2C1024&#038;ssl=1\" alt=\"\" class=\"wp-image-1776 size-full\" srcset=\"https:\/\/i0.wp.com\/saschaberger.com\/wp-content\/uploads\/2019\/11\/OpenRevolution-DE-Cover-fin.jpg?resize=651%2C1024&amp;ssl=1 651w, https:\/\/i0.wp.com\/saschaberger.com\/wp-content\/uploads\/2019\/11\/OpenRevolution-DE-Cover-fin.jpg?resize=191%2C300&amp;ssl=1 191w, https:\/\/i0.wp.com\/saschaberger.com\/wp-content\/uploads\/2019\/11\/OpenRevolution-DE-Cover-fin.jpg?resize=768%2C1208&amp;ssl=1 768w, https:\/\/i0.wp.com\/saschaberger.com\/wp-content\/uploads\/2019\/11\/OpenRevolution-DE-Cover-fin.jpg?resize=300%2C472&amp;ssl=1 300w, https:\/\/i0.wp.com\/saschaberger.com\/wp-content\/uploads\/2019\/11\/OpenRevolution-DE-Cover-fin.jpg?resize=600%2C944&amp;ssl=1 600w, https:\/\/i0.wp.com\/saschaberger.com\/wp-content\/uploads\/2019\/11\/OpenRevolution-DE-Cover-fin.jpg?resize=400%2C629&amp;ssl=1 400w, https:\/\/i0.wp.com\/saschaberger.com\/wp-content\/uploads\/2019\/11\/OpenRevolution-DE-Cover-fin.jpg?w=1062&amp;ssl=1 1062w\" sizes=\"auto, (max-width: 651px) 100vw, 651px\" \/><\/figure><div class=\"wp-block-media-text__content\">\n<p><strong>\u00dcbersetzung in Arbeit<\/strong><br>Rufus Pollock und Sascha Berger (\u00dcbers.)<br><a href=\"https:\/\/saschaberger.com\/2018\/12\/20\/die-open-revolution\/\">Open Revolution (engl. Orginaltitel &#8220;The Open Revolution&#8221;)<\/a><br>ISBN 978-3-7481-7765-4<br>\u20ac 10,69 | ca. 192 Seiten<br>Paperback, eBook, PDF<br> Erscheinungstermin August 2019 <br><a href=\"http:\/\/www.openrevolution.net\/\">www.openrevolution.net<\/a><br><strong><a href=\"https:\/\/saschaberger.com\/2018\/12\/20\/die-open-revolution\/\">&gt;&gt;&gt;hier mehr erfahren<\/a><\/strong><\/p>\n<\/div><\/div>\n\n\n\n<p><\/p>\n\n\n\n<a class=\"button\" href=\"http:\/\/online.fliphtml5.com\/ezphl\/ygox\/\" target=\"_blank\" rel=\"noopener noreferrer\">OPEN REVOLUTION ONLINE LESEN<\/a>\n\n\n\n<p><\/p>\n\n\n\n<p>Die <em><strong>&#8220;Open Revolution&#8221;<\/strong><\/em> ist eine \u00dcbersetzung des Buches <strong><em>&#8220;The Open Revolution&#8221;<\/em>&nbsp;(<a rel=\"noreferrer noopener\" href=\"http:\/\/www.openrevolution.net\" target=\"_blank\">www.openrevolution.net<\/a>)<\/strong> von Rufus Pollock.<\/p>\n\n\n\n<p>Worum es in diesem Buch geht:<\/p>\n\n\n\n<p>Wird die digitale Revolution uns eine digitale Diktatur oder eine digitale Demokratie bringen? Wir m\u00fcssen alles vergessen, was wir \u00fcber das digitale Zeitalter zu wissen glauben. Es geht nicht um Privatsph\u00e4re, \u00dcberwachung, K\u00fcnstliche Intelligenz oder Blockchain. Es geht um die Frage des geistigen Eigentums. Denn wer im digitalen Zeitalter Informationen und Daten besitzt, der kontrolliert die Zukunft.<\/p>\n\n\n\n<p>In diesem wichtigen und provokanten Buch wird eine neue Diagnose f\u00fcr die Missst\u00e4nde des digitalen Zeitalters vorgestellt und ein Weg in eine gerechtere, innovativere und profitablere Zukunft aufgezeigt.<\/p>\n\n\n\n<p>Die Antworten sind nicht technischer, sondern politischer Natur: Es geht um die wichtige Entscheidung, ob Informationen offen, also &#8220;Open&#8221;, sind und sie somit mit allen geteilt werden, oder ob Informationen stattdessen geschlossen, also &#8220;Closed&#8221;, gehalten werden und sich im exklusiven Besitz und der Kontrolle einiger weniger befinden. Heute sind wir in einer geschlossenen Welt der Gunst zweifelhafter \u201eDiktatoren\u201c ausgeliefert.<\/p>\n\n\n\n<p>Wir spielen nach alten Regeln in einer neuen (digitalen) Welt. Es ist an der Zeit dies zu \u00e4ndern und neue Regeln f\u00fcr das Informationszeitalter aufzustellen. Dieses Buch ist ein Beitrag die Idee einer auf Open Information Konzepten basierenden Gesellschaft zu verbreiten und ein Nachdenken bzw. Umdenken anzusto\u00dfen. Wie w\u00fcrde in einer offenen Welt die Zukunft aussehen k\u00f6nnen?<\/p>\n\n\n\n<p>Ein Buch das auch ALLE lesen sollten, die sich mit den Themen Reform des #Urheberrecht, #Artikel13 (neu: Artikel 17), #Artikel12 (neu: Artikel 16), #Artikel11 (neu: Artikel 15), #Uploadfilter, #Leistungsschutz, <br>#SaveTheInternet, geistiges Eigentum, Teilhabe und (digitale) Demokratie besch\u00e4ftigen.<\/p>\n\n\n\n<p><strong><a href=\"https:\/\/saschaberger.com\/2018\/12\/20\/die-open-revolution\/\">&gt;&gt;&gt;hier mehr zur <em>&#8220;Open Revolution&#8221;<\/em> erfahren<\/a><\/strong><\/p>\n\n\n","protected":false},"excerpt":{"rendered":"<p>Das Leben ist voller beruflicher oder privater Projekte, die unterschiedlich herausfordernd, unterschiedlich komplex oder unterschiedlich bedeutungsvoll sind. Zwei meiner Projekte, die f\u00fcr mich eine besondere Bedeutung hatten, sind die im folgenden vorgestellten beiden B\u00fccher. Denn ein Buch zu schreiben, war&#x2026; <\/p>\n<p class=\"more-link-container th-uppercase th-text-2xs\"><a href=\"https:\/\/saschaberger.com\/en\/projects\/\" class=\"more-link\">Read More <span class=\"screen-reader-text\">B\u00fccher und Projekte<\/span><\/a><\/p>\n","protected":false},"author":1,"featured_media":1552,"parent":0,"menu_order":0,"comment_status":"closed","ping_status":"closed","template":"","meta":{"advanced_seo_description":"","jetpack_seo_html_title":"","jetpack_seo_noindex":false,"footnotes":""},"class_list":["post-1006","page","type-page","status-publish","has-post-thumbnail","hentry"],"translation":{"provider":"WPGlobus","version":"3.0.2","language":"en","enabled_languages":["de","en"],"languages":{"de":{"title":true,"content":true,"excerpt":false},"en":{"title":false,"content":false,"excerpt":false}}},"jetpack_sharing_enabled":true,"jetpack_shortlink":"https:\/\/wp.me\/P74lUj-ge","jetpack_likes_enabled":true,"amp_enabled":true,"_links":{"self":[{"href":"https:\/\/saschaberger.com\/en\/wp-json\/wp\/v2\/pages\/1006","targetHints":{"allow":["GET"]}}],"collection":[{"href":"https:\/\/saschaberger.com\/en\/wp-json\/wp\/v2\/pages"}],"about":[{"href":"https:\/\/saschaberger.com\/en\/wp-json\/wp\/v2\/types\/page"}],"author":[{"embeddable":true,"href":"https:\/\/saschaberger.com\/en\/wp-json\/wp\/v2\/users\/1"}],"replies":[{"embeddable":true,"href":"https:\/\/saschaberger.com\/en\/wp-json\/wp\/v2\/comments?post=1006"}],"version-history":[{"count":81,"href":"https:\/\/saschaberger.com\/en\/wp-json\/wp\/v2\/pages\/1006\/revisions"}],"predecessor-version":[{"id":3453,"href":"https:\/\/saschaberger.com\/en\/wp-json\/wp\/v2\/pages\/1006\/revisions\/3453"}],"wp:featuredmedia":[{"embeddable":true,"href":"https:\/\/saschaberger.com\/en\/wp-json\/wp\/v2\/media\/1552"}],"wp:attachment":[{"href":"https:\/\/saschaberger.com\/en\/wp-json\/wp\/v2\/media?parent=1006"}],"curies":[{"name":"wp","href":"https:\/\/api.w.org\/{rel}","templated":true}]}}